{"id":291,"date":"2022-02-25T00:39:39","date_gmt":"2022-02-25T00:39:39","guid":{"rendered":"http:\/\/andreas-vosseler.de\/?page_id=291"},"modified":"2022-06-02T11:09:52","modified_gmt":"2022-06-02T11:09:52","slug":"das-konzept-der-anker-zentren-und-warum-ich-es-ablehne","status":"publish","type":"page","link":"https:\/\/andreas-vosseler.de\/?page_id=291","title":{"rendered":"Das problematische Konzept der menschenunw\u00fcrdigen &#8222;AnkER&#8220;-Zentren und warum ich es ablehne"},"content":{"rendered":"\n<p>AnkER ist die Abk\u00fcrzung f\u00fcr &#8222;Ankunft, kommunale Verteilung, Entscheidung und R\u00fcckf\u00fchrung&#8220; und bezeichnet das Konzept der Erstaufnahmeeinrichtungen f\u00fcr Asylantragsteller:innen in Bayern und in anderen Bundesl\u00e4ndern. Schon im Namen wird klar, dass es bei der Konzeption nicht um Integration, sondern um Abschiebung geht. Je nach Standort in Bayern werden hier \u00fcber 1000 Personen in Mehrbettzimmern untergebracht. In den Unterk\u00fcnften wird das sogenannte Sachleistungsprinzip angewendet, was bedeutet, dass Bewohner:innen nur ein geringes Taschengeld bekommen. Hygieneartikel sowie andere Dinge des t\u00e4glichen Bedarfs werden von der jeweiligen Einrichtung gestellt. Das Essen wird in einer Kantine von einem Catering gebracht. <\/p>\n\n\n\n<p>Was sich auf den ersten Blick nicht schlecht anh\u00f6rt (&#8222;die Leute bekommen ja alles&#8220;) ist jedoch eine Entm\u00fcndigung der Menschen: da die Aufenthaltsdauer in Ankerzentren bis zu mehreren Wochen dauern kann bedeutet das, dass in dieser Zeit die Bewohner:innen kein eigenes Essen kochen k\u00f6nnen und auch keine eigene Entscheidung treffen k\u00f6nnen, welche Dinge des t\u00e4glichen Bedarfs sie verwenden wollen. <\/p>\n\n\n\n<p>Besonders restriktiv ist das Vorgehen in &#8222;AnkER&#8220;-Zentren im Regierungsbezirk Oberbayern. Hier sind fast immer die Zimmer nicht abschlie\u00dfbar was praktisch zu Folge hat, dass sich z.B. alleine ankommende Frauen nicht sicher f\u00fchlen k\u00f6nnen, vor allem nachts nicht. Argumentiert wird hier, ebenso wie bei der mangelnden M\u00f6glichkeit selber zu kochen, mit Brandschutz. Diese Argumentation ist vor dem Hintergrund, dass in jedem Studentenwohnheim und auch in jeder Gemeinschaftsunterkunft f\u00fcr Asylbewerber die Bewohner:innen ihre Zimmer absprerren d\u00fcrfen und auch kochen d\u00fcrfen, nicht nachvollziehbar.<\/p>\n\n\n\n<p>Auch d\u00fcrfen Kinder von Bewohner:innen oft keine Regelschule besuchen sondern bekommen nur einen sehr einfachen Unterricht im Ankerzentrum. In M\u00fcnchen ist das aufgrund einer kommunalen Regelung zum Gl\u00fcck anders. Hier gilt die Schulpflicht. Da externen Personen der Zutritt zu einem Ankerzentrum verwehrt ist, k\u00f6nnen Kinder von Bewohner:innen keine Freunde mitbringen. <\/p>\n\n\n\n<p>Asylantragsteller:innen bekommen keine Krankekassenkarte, sondern m\u00fcssen jeden Arztbesuch beim Amt vorher beantragen. Die Gr\u00f6\u00dfe der Einrichtungen hat zur Folge, dass die Infrastruktur um Ankerzentren herum oft \u00fcberlastet ist, z.B. gibt es um mache Ankerzentren herum nicht gen\u00fcgend Arztpraxen (Haus- und auch Fach\u00e4rzt:innen).<\/p>\n\n\n\n<p>Das Konzept ist klar: Die Situation f\u00fcr Asylsuchende soll m\u00f6glichst schlecht gestaltet werden, in der Hoffnung eine abschreckende Wirkung zu erziehlen. Die bildhafte Bezeichnung &#8222;Anker&#8220; hierbei ist zynisch. Ein Anker ist etwas, das Halt und Sicherheit bietet. Ankerzentren geben beides nicht, sondern sind eine belastende Situation, machen Menschen psychisch krank oder verst\u00e4rkern deren psychische Traumata. <\/p>\n\n\n\n<p>Diese menschenunw\u00fcrdige Art der Unterbringung lehnen ich pers\u00f6nlich und auch wir als Gr\u00fcne ab. Wir fordern eine f\u00f6rderung der Integration von Anfang an und eine menschenw\u00fcrdige Unterbringung. B\u00fcrgerschaftliches Engagement als wichtiger Schl\u00fcssel zur Integration, auch in &#8222;AnkER&#8220;-Zentren, muss uneingeschr\u00e4nkt m\u00f6glich sein. Vulnerale Gruppen, wie z.B. alleinreisende Frauen, Queere Gefl\u00fcchtete, Menschen die aufgrund eines Religionswechsels gef\u00e4hrdet sind, Menschen mit Behinderungen usw., sind besonders zu sch\u00fctzen und m\u00fcssen in Einzelunterk\u00fcnften untergebracht werden.<\/p>\n\n\n\n<p>Weitere Infos zu Ankerzentren gibt es auf der Seite vom <a rel=\"noreferrer noopener\" href=\"https:\/\/www.fluechtlingsrat-bayern.de\/themen\/anker-zentren\/\" data-type=\"URL\" data-id=\"https:\/\/www.fluechtlingsrat-bayern.de\/themen\/anker-zentren\/\" target=\"_blank\">Bayrischen Fl\u00fcchtlingsrat<\/a> und in dem entsprechenden <a href=\"https:\/\/de.wikipedia.org\/wiki\/Ankerzentrum\" data-type=\"URL\" data-id=\"https:\/\/de.wikipedia.org\/wiki\/Ankerzentrum\" target=\"_blank\" rel=\"noreferrer noopener\">Eintrag bei Wikipedia<\/a>.<\/p>\n","protected":false},"excerpt":{"rendered":"<p>AnkER ist die Abk\u00fcrzung f\u00fcr &#8222;Ankunft, kommunale Verteilung, Entscheidung und R\u00fcckf\u00fchrung&#8220; und bezeichnet das Konzept der Erstaufnahmeeinrichtungen f\u00fcr Asylantragsteller:innen in Bayern und in anderen Bundesl\u00e4ndern. Schon im Namen wird klar,&#8230; <\/p>\n","protected":false},"author":1,"featured_media":0,"parent":0,"menu_order":0,"comment_status":"closed","ping_status":"closed","template":"","meta":[],"_links":{"self":[{"href":"https:\/\/andreas-vosseler.de\/index.php?rest_route=\/wp\/v2\/pages\/291"}],"collection":[{"href":"https:\/\/andreas-vosseler.de\/index.php?rest_route=\/wp\/v2\/pages"}],"about":[{"href":"https:\/\/andreas-vosseler.de\/index.php?rest_route=\/wp\/v2\/types\/page"}],"author":[{"embeddable":true,"href":"https:\/\/andreas-vosseler.de\/index.php?rest_route=\/wp\/v2\/users\/1"}],"replies":[{"embeddable":true,"href":"https:\/\/andreas-vosseler.de\/index.php?rest_route=%2Fwp%2Fv2%2Fcomments&post=291"}],"version-history":[{"count":14,"href":"https:\/\/andreas-vosseler.de\/index.php?rest_route=\/wp\/v2\/pages\/291\/revisions"}],"predecessor-version":[{"id":345,"href":"https:\/\/andreas-vosseler.de\/index.php?rest_route=\/wp\/v2\/pages\/291\/revisions\/345"}],"wp:attachment":[{"href":"https:\/\/andreas-vosseler.de\/index.php?rest_route=%2Fwp%2Fv2%2Fmedia&parent=291"}],"curies":[{"name":"wp","href":"https:\/\/api.w.org\/{rel}","templated":true}]}}