{"id":318,"date":"2022-03-29T19:36:32","date_gmt":"2022-03-29T19:36:32","guid":{"rendered":"http:\/\/andreas-vosseler.de\/?page_id=318"},"modified":"2023-10-23T15:16:38","modified_gmt":"2023-10-23T15:16:38","slug":"meine-antraege-im-bezirksausschuss-13-bogenhausen","status":"publish","type":"page","link":"https:\/\/andreas-vosseler.de\/?page_id=318","title":{"rendered":"Meine Antr\u00e4ge im Bezirksausschuss 13 (Bogenhausen)"},"content":{"rendered":"\n<p>27. Juni 2023<\/p>\n\n\n\n<h2>Sicherheit f\u00fcr Radfahrer*innen am Prinzregentenplatz erh\u00f6hen<\/h2>\n\n\n\n<p>Die Stadt M\u00fcnchen Entfernt die Verbindungsketten zwischen den \u00a0Pollern, die in der M\u00fchlbauerstr. Stehen, von der Kreuzung Prinzregentenstra\u00dfe ab. Alle Poller in der M\u00fchlbauerstr. Werden im oberen Bereich mit einer reflektierenden rot-wei\u00dfen Markierung versehen.<\/p>\n\n\n\n<p><strong>Begr\u00fcndung:<\/strong><\/p>\n\n\n\n<p>Am Prinzregentenplatz kreuzen die M\u00fchlbauerstr. Zwei Radwege im Bereich der Poller. In diesen Bereichen sind die Poller nicht mit Ketten verbunden. Da die Poller und die Ketten grau sind, sind diese bei Dunkelheit und\/oder Regen sehr schlecht sichtbar, so dass eine erhebliche Unfallgefahr f\u00fcr Radfahrer besteht. Es k\u00f6nnen leicht die Poller gerammt werden oder man kollidiert mit den Ketten, weil man einen Poller zu weit rechts bzw. links versucht zu kreuzen.<\/p>\n\n\n\n<p>Aktuell sind die Poller, an denen keine Kette h\u00e4ngt und an denen man mit dem Rad durchfahren kann, mit wei\u00dfen Klebstreifen versehen, die jedoch nicht reflektieren und auch zum Teil abgefallen sind. Bei einigen Pollern sieht es so aus, als w\u00e4re hier ein wei\u00dfes Klebeband von B\u00fcrger*innen selbst befestigt worden, um die Gefahr zu minimieren.<\/p>\n\n\n\n<p>Sollten die Poller und die Ketten zum Ensemble\/Denkmalschutz des Prinzregentenplatzes geh\u00f6ren, sollte die Ma\u00dfnahme trotzdem durchgef\u00fchrt werden, da das Unfallrisiko an dieser Stelle, vor allem bei schlechter Sicht, sehr gro\u00df ist und die Sicherheit der Verkehrsteilnehmer*innen Vorrang hat.<\/p>\n\n\n\n<p>&#8212;<\/p>\n\n\n\n<h2>Beschleunigung des Verfahrens zur Umbenennung von hochbelasteten Stra\u00dfennamen<\/h2>\n\n\n\n<p class=\"has-small-font-size\">22. November 2022<\/p>\n\n\n\n<p>Die Stadt M\u00fcnchen wird aufgefordert, das Verfahren zur Umbenennung der auf der Short-List aufgef\u00fchrten hochbelasteten Stra\u00dfennamen in Bogenhausen zu beschleunigen. Insbesondere sollte die Umbenennung der Dominikstra\u00dfe, des Ina-Seidel-Bogens und Agnes-Miegel-Stra\u00dfe mit h\u00f6chster Priorit\u00e4t vorangetrieben werden und nach M\u00f6glichkeit bis Ende 2023 erfolgen.<\/p>\n\n\n\n<p><strong>Begr\u00fcndung:<\/strong><\/p>\n\n\n\n<p>Mit Stra\u00dfennamen zeigt eine Gesellschaft, welche Personen sie ehren m\u00f6chte, wessen sie gedenken will und an welcher Geschichte sie festhalten m\u00f6chte. Vor diesem Hintergrund muss die Umbenennung der drei Stra\u00dfen nach M\u00f6glichkeit Ende 2023, abgeschlossen sein.<\/p>\n\n\n\n<p>Die Dominikstra\u00dfe erinnert und ehrt an Hans Dominik, der Offizier der kaiserlichen Schutztruppe f\u00fcr Kamerun war. 1910 warf er den Aufstand der Makaa am oberen Nyong-Fluss nieder. Frauen der unterworfenen Ethnien nahm er gefangen und \u201everschenkte\u201c sie an andere loyale V\u00f6lker, was ihm schon zur damaligen Zeit Kritik in den eigenen Reihen einbrachte.<\/p>\n\n\n\n<p>Der Ina-Seidel-Bogen erinnert an die gleichnamige deutsche Lyrikerin und Romanautorin, die 1885-1974 lebte. Ina Seidel identifizierte sich schnell mit der Ideologie des Nationalsozialismus und geh\u00f6rte 1933 zu den 88 Schriftsteller*innen, die das Gel\u00f6bnis treuester Gefolgschaft f\u00fcr Adolf Hitler unterschrieben. Den F\u00fchrerkult um Adolf Hitler befeuerte sie unter anderem mit ihrem Gedicht \u201eLichtdom\u201c, in welchem sie schrieb \u201eHier stehn wir alle einig um den Einen, und dieser Eine ist des Volkes Herz\u201c. 1944 nahm Adolf Hitler Ina Seidel in die <em>Gottbegnadeten-Liste<\/em> unter die sechs wichtigsten zeitgen\u00f6ssischen deutschen Schriftsteller*innen auf.<\/p>\n\n\n\n<p>Die Agnes-Miegel-Stra\u00dfe wurde nach der gleichnamigen deutschen Schriftstellerin, Journalistin und Balladendichterin benannt, die von 1879-1964 lebte. Nach dem R\u00fccktritt und Ausschluss NS-gegnerischer Autoren (u.a. Thomas Mann) aus der Preu\u00dfischen Akademie der K\u00fcnste 1933 wurde Agnes Miegel gemeinsam mit anderen in den Senat der Akademie berufen und zus\u00e4tzlich zum Vorstandsmitglied gemacht. Auch Agnes Miegel war eine der 88 Unterzeichner*innen des Gel\u00f6bnisses treuester Gefolgschaft von Adolf Hitler. Nach dem Tod Hindenburgs war sie ebenfalls eine der Unterzeichner*innen des Aufrufs der Kulturschaffenden zur \u201eVolksbefragung\u201c in Bezug auf die Zusammenlegung des Amtes des Reichspr\u00e4sidenten und des Reichskanzlers in der Person Adolf Hitler. Agnes Miegel war begeistert von Adolf Hitler und Bef\u00fcrworterin des Nationalsozialismus. Sie hat sich zu keinem Zeitpunkt von ihrer Haltung distanziert.<\/p>\n\n\n\n<p>Einem Expertengremium im Institut f\u00fcr Stadtgeschichte und Erinnerungskultur des Kulturreferats obliegt die Aufgabe, Stra\u00dfennamen zu pr\u00fcfen und entsprechend Empfehlungen f\u00fcr Umbenennungen abzugeben. \u00a0Die drei Stra\u00dfennamen sind bereits auf der sogenannten \u201eShort-List\u201c, mit der die Stadt M\u00fcnchen hochbelastete Stra\u00dfennamen ausweist und f\u00fcr die eine Empfehlung zur Umbenennung ausgesprochen wurde. Dieses bereits begonnene Verfahren f\u00fcr die hochbelasteten 45 Stra\u00dfennamen muss beschleunigt werden. In einem ersten Schritt m\u00fcssen zeitnah, nach M\u00f6glichkeit bis sp\u00e4testens Ende 2023, die drei erw\u00e4hnten Stra\u00dfen umbenannt werden, da es sich hierbei um besonders schwerwiegende F\u00e4lle im Stadtbezirk Bogenhausen handelt.<\/p>\n\n\n\n<p>&#8212;<\/p>\n\n\n\n<h2>Antrag: Vor-Ort-Termin Leichtbauhalle Kronstadter Stra\u00dfe<\/h2>\n\n\n\n<p class=\"has-small-font-size\">25. September 2022<\/p>\n\n\n\n<p>Der BA 13 fordert das Sozialreferat der Stadt M\u00fcnchen auf, einen Vor-Ort-Termin zur gemeinsamen Begehung der neuen Leichtbauhalle in der Kronstadter Str. durchzuf\u00fchren.<\/p>\n\n\n\n<p><strong>Begr\u00fcndung:<\/strong><\/p>\n\n\n\n<p>Der Bezirksausschuss 13 ist f\u00fcr Belange im Stadtbezirk Bogenhausen zust\u00e4ndig und w\u00fcnscht \u00fcber die neue Einrichtung (insbesondere \u00fcber die vorhandenen R\u00e4umlichkeiten\/Angebote z.B. f\u00fcr die Kinderbetreuung bzw. Freizeit der Bewohner*innen) ausf\u00fchrlich informiert zu werden, da B\u00fcrgeranfragen die Leichtbauhalle betreffend bereits an BA-Mitglieder gerichtet wurden.<\/p>\n\n\n\n<p>In anderen Einrichtungen wird ein \u201eTag der offenen T\u00fcr\u201c proaktiv durch die Betreiber veranstaltet, der der Information von BA und B\u00fcrger*innen dient. Da eine solche Veranstaltung bisher nicht\u00a0 bekannt ist, wird um einen entsprechenden Ortstermin gebeten.<\/p>\n\n\n\n<p>&#8212;<\/p>\n\n\n\n<h2><strong>Antrag: Vor-Ort-Termin Anker-Dependance<\/strong><\/h2>\n\n\n\n<p class=\"has-small-font-size\">26. januar 2022<\/p>\n\n\n\n<p>Der BA 13 fordert die Regierung von Oberbayern auf einen Vor-Ort-Termin zur gemeinsamen Begehung der neuen Anker-Dependance in der Musenbergstra\u00dfe (idealerweise vor deren Er\u00f6ffnung) durchzuf\u00fchren.<\/p>\n\n\n\n<p><strong>Begr\u00fcndung:<\/strong><\/p>\n\n\n\n<p>Der Bezirksausschuss 13 ist f\u00fcr Belange im Stadtbezirk Bogenhausen zust\u00e4ndig und w\u00fcnscht \u00fcber die neue Einrichtung (insbesondere \u00fcber die vorhandenen R\u00e4umlichkeiten\/Angebote z.B. f\u00fcr die Kinderbetreuung bzw. Freizeit der Bewohner*innen) ausf\u00fchrlich informiert zu werden, da B\u00fcrgeranfragen die Anker Dependance betreffend bereits an BA-Mitglieder gerichtet wurden.<\/p>\n\n\n\n<p>In anderen Einrichtungen wird ein \u201eTag der offenen T\u00fcr\u201c proaktiv durch die Betreiber veranstaltet, der der Information von BA und B\u00fcrger*innen dient. Da eine solche Veranstaltung bisher nicht f\u00fcr die Anker Dependance bekannt ist, wird um einen entsprechenden Ortstermin gebeten.<\/p>\n\n\n\n<p><\/p>\n","protected":false},"excerpt":{"rendered":"<p>27. Juni 2023 Sicherheit f\u00fcr Radfahrer*innen am Prinzregentenplatz erh\u00f6hen Die Stadt M\u00fcnchen Entfernt die Verbindungsketten zwischen den \u00a0Pollern, die in der M\u00fchlbauerstr. Stehen, von der Kreuzung Prinzregentenstra\u00dfe ab. Alle Poller&#8230; <\/p>\n","protected":false},"author":1,"featured_media":0,"parent":0,"menu_order":0,"comment_status":"closed","ping_status":"closed","template":"","meta":[],"_links":{"self":[{"href":"https:\/\/andreas-vosseler.de\/index.php?rest_route=\/wp\/v2\/pages\/318"}],"collection":[{"href":"https:\/\/andreas-vosseler.de\/index.php?rest_route=\/wp\/v2\/pages"}],"about":[{"href":"https:\/\/andreas-vosseler.de\/index.php?rest_route=\/wp\/v2\/types\/page"}],"author":[{"embeddable":true,"href":"https:\/\/andreas-vosseler.de\/index.php?rest_route=\/wp\/v2\/users\/1"}],"replies":[{"embeddable":true,"href":"https:\/\/andreas-vosseler.de\/index.php?rest_route=%2Fwp%2Fv2%2Fcomments&post=318"}],"version-history":[{"count":14,"href":"https:\/\/andreas-vosseler.de\/index.php?rest_route=\/wp\/v2\/pages\/318\/revisions"}],"predecessor-version":[{"id":451,"href":"https:\/\/andreas-vosseler.de\/index.php?rest_route=\/wp\/v2\/pages\/318\/revisions\/451"}],"wp:attachment":[{"href":"https:\/\/andreas-vosseler.de\/index.php?rest_route=%2Fwp%2Fv2%2Fmedia&parent=318"}],"curies":[{"name":"wp","href":"https:\/\/api.w.org\/{rel}","templated":true}]}}