{"id":44,"date":"2019-10-17T22:50:11","date_gmt":"2019-10-17T22:50:11","guid":{"rendered":"http:\/\/andreas-vosseler.de\/?page_id=44"},"modified":"2022-02-24T22:48:35","modified_gmt":"2022-02-24T22:48:35","slug":"impressum-und-datenschutz","status":"publish","type":"page","link":"https:\/\/andreas-vosseler.de\/?page_id=44","title":{"rendered":"Kontakt, Impressum und Datenschutz"},"content":{"rendered":"\n<p>V.i.S.d.P. <\/p>\n\n\n\n<p>Andreas Vo\u00dfeler<br>B\u00fcndnis 90\/ Die Gr\u00fcnen<br>Kreisverband M\u00fcnchen<br>Rablstra\u00dfe 26<br>81669 M\u00fcnchen<br> +49 (0) 176 576 276 36 (nur Anrufe, keine SMS)<br> <a href=\"mailto:info@andreas-vosseler.de\" data-type=\"mailto\" data-id=\"mailto:info@andreas-vosseler.de\">info(at)andreas-vosseler(dot)de<\/a> <\/p>\n\n\n\n<p><\/p>\n\n\n\n<p><\/p>\n\n\n\n<h2>Datenschutzerkl\u00e4rung<\/h2>\n\n\n\n<p>Ich nehme den Schutz Ihrer pers\u00f6nlichen Daten sehr ernst.  Ihre Personenbezogenen Daten, die Sie mir z.B. \u00fcbermitteln, wenn Sie mich kontaktieren, behandle ich vertraulich und entsprechend  der gesetzlichen Datenschutzvorschriften sowie dieser  Datenschutzerkl\u00e4rung.<\/p>\n\n\n\n<p>Die Nutzung meiner Webseite ist in der Regel ohne Angabe  personenbezogener Daten m\u00f6glich. Soweit auf meinen Seiten  personenbezogene Daten (beispielsweise Name, Anschrift oder  E-Mail-Adressen) erhoben werden, erfolgt dies stets auf freiwilliger Basis. Diese Daten werden nicht an Dritte weitergegeben und dienen  lediglich zur Kontaktaufnahme und zur Kommunikation. Nach  einer  Kontaktaufnahme Ihrerseits werden Ihre Daten sp\u00e4testens nach sechs Monaten bei mir gel\u00f6scht.<\/p>\n\n\n\n<p>Ich weisen darauf hin, dass die Daten\u00fcbertragung im Internet (z.B.  bei der Kommunikation per E-Mail) Sicherheitsl\u00fccken aufweisen kann. Ein  l\u00fcckenloser Schutz der Daten vor dem Zugriff durch Dritte ist nicht  m\u00f6glich.<\/p>\n\n\n\n<h2>Cookies<\/h2>\n\n\n\n<p>Die Internetseiten verwenden teilweise so genannte Cookies. Cookies \nrichten auf Ihrem Rechner keinen Schaden an und enthalten keine Viren. \nCookies dienen dazu, mein Angebot nutzerfreundlicher, effektiver und \nsicherer zu machen. Cookies sind kleine Textdateien, die auf Ihrem \nRechner abgelegt werden und die Ihr Browser speichert.<\/p>\n\n\n\n<p>Die meisten der von mir verwendeten Cookies sind so genannte \n\u201eSession-Cookies\u201c. Sie werden nach Ende Ihres Besuchs automatisch \ngel\u00f6scht. Andere Cookies bleiben auf Ihrem Endger\u00e4t gespeichert, bis Sie\n diese l\u00f6schen. Diese Cookies erm\u00f6glichen es, Ihren Browser beim \nn\u00e4chsten Besuch wiederzuerkennen.<\/p>\n\n\n\n<p>Sie k\u00f6nnen Ihren Browser so einstellen, dass Sie \u00fcber das Setzen von \nCookies informiert werden und Cookies nur im Einzelfall erlauben, die \nAnnahme von Cookies f\u00fcr bestimmte F\u00e4lle oder generell ausschlie\u00dfen sowie\n das automatische L\u00f6schen der Cookies beim Schlie\u00dfen des Browser \naktivieren. Bei der Deaktivierung von Cookies kann die Funktionalit\u00e4t \ndieser Website eingeschr\u00e4nkt sein.<\/p>\n\n\n\n<h2>Server-Log-Files<\/h2>\n\n\n\n<p>Der Provider der Seiten erhebt und speichert automatisch \nInformationen in so genannten Server-Log Files, die Ihr Browser \nautomatisch an uns \u00fcbermittelt. Dies sind:<\/p>\n\n\n\n<ul><li>Browsertyp\/ Browserversion<\/li><li>verwendetes Betriebssystem<\/li><li>Referrer URL<\/li><li>Hostname des zugreifenden Rechners<\/li><li>Uhrzeit der Serveranfrage<\/li><\/ul>\n\n\n\n<p>Diese Daten sind nicht bestimmten Personen zuordenbar. Eine \nZusammenf\u00fchrung dieser Daten mit anderen Datenquellen wird nicht \nvorgenommen. Wir behalten uns vor, diese Daten nachtr\u00e4glich zu pr\u00fcfen, \nwenn uns konkrete Anhaltspunkte f\u00fcr eine rechtswidrige Nutzung bekannt \nwerden.<\/p>\n\n\n\n<h2>Kontaktformular<\/h2>\n\n\n\n<p>Wenn Sie mir per Kontaktformular Anfragen zukommen lassen, werden \nIhre Angaben aus dem Anfrageformular inklusive der von Ihnen dort \nangegebenen Kontaktdaten zwecks Bearbeitung der Anfrage und f\u00fcr den Fall\n von Anschlussfragen bei mir gespeichert. Diese Daten werden sp\u00e4testens \nsechs Monate nach der letzten Kontaktierung Ihrerseits bei mir gel\u00f6scht.<\/p>\n\n\n\n<h2>Datenschutzerkl\u00e4rung f\u00fcr die Nutzung von Google Analytics<\/h2>\n\n\n\n<p>Diese Website nutzt Funktionen des&nbsp; Webanalysedienstes Google \nAnalytics. Anbieter ist die Google Inc. 1600 Amphitheatre Parkway \nMountain View, CA 94043, USA. Google Analytics verwendet sog. \u201eCookies\u201c.\n Das sind Textdateien, die auf Ihrem Computer gespeichert werden und die\n eine Analyse der Benutzung der Website durch Sie erm\u00f6glichen. Die durch\n den Cookie erzeugten Informationen \u00fcber Ihre Benutzung dieser Website \nwerden in der Regel an einen Server von Google in den USA \u00fcbertragen und\n dort gespeichert.<\/p>\n\n\n\n<p>Im Falle der Aktivierung der IP-Anonymisierung auf dieser Webseite \nwird Ihre IP-Adresse von Google jedoch innerhalb von Mitgliedstaaten der\n Europ\u00e4ischen Union oder in anderen Vertragsstaaten des Abkommens \u00fcber \nden Europ\u00e4ischen Wirtschaftsraum zuvor gek\u00fcrzt. Nur in Ausnahmef\u00e4llen \nwird die volle IP-Adresse an einen Server von Google in den USA \n\u00fcbertragen und dort gek\u00fcrzt. Im Auftrag des Betreibers dieser Website \nwird Google diese Informationen benutzen, um Ihre Nutzung der Website \nauszuwerten, um Reports \u00fcber die Websiteaktivit\u00e4ten zusammenzustellen \nund um weitere mit der Websitenutzung und der Internetnutzung verbundene\n Dienstleistungen gegen\u00fcber dem Websitebetreiber zu erbringen. Die im \nRahmen von Google Analytics von Ihrem Browser \u00fcbermittelte IP-Adresse \nwird nicht mit anderen Daten von Google zusammengef\u00fchrt.<\/p>\n\n\n\n<p>Sie k\u00f6nnen die Speicherung der Cookies durch eine entsprechende \nEinstellung Ihrer Browser-Software verhindern; wir weisen Sie jedoch \ndarauf hin, dass Sie in diesem Fall gegebenenfalls nicht s\u00e4mtliche \nFunktionen dieser Website vollumf\u00e4nglich werden nutzen k\u00f6nnen. Sie \nk\u00f6nnen dar\u00fcber hinaus die Erfassung der durch das Cookie erzeugten und \nauf Ihre Nutzung der Website bezogenen Daten (inkl. Ihrer IP-Adresse) an\n Google sowie die Verarbeitung dieser Daten durch Google verhindern, \nindem sie das unter dem folgenden Link verf\u00fcgbare Browser-Plugin \nherunterladen und installieren: <a href=\"http:\/\/tools.google.com\/dlpage\/gaoptout?hl=de\">http:\/\/tools.google.com\/dlpage\/gaoptout?hl=de<\/a><\/p>\n\n\n\n<h2>Datenschutzerkl\u00e4rung f\u00fcr die Nutzung von Facebook-Plugins<br>\n(Like-Button)<\/h2>\n\n\n\n<p>Auf unseren Seiten sind Plugins des sozialen Netzwerks Facebook, \nAnbieter Facebook Inc., 1 Hacker Way, Menlo Park, California 94025, USA,\n integriert. Die Facebook-Plugins erkennen Sie an dem Facebook-Logo oder\n dem \u201eLike-Button\u201c (\u201eGef\u00e4llt mir\u201c) auf unserer Seite. Eine \u00dcbersicht \n\u00fcber die Facebook-Plugins finden Sie hier: <a href=\"http:\/\/developers.facebook.com\/docs\/plugins\/\">http:\/\/developers.facebook.com\/docs\/plugins\/<\/a>.<\/p>\n\n\n\n<p>Wenn Sie unsere Seiten besuchen, wird \u00fcber das Plugin eine direkte \nVerbindung zwischen Ihrem Browser und dem Facebook-Server hergestellt. \nFacebook erh\u00e4lt dadurch die Information, dass Sie mit Ihrer IP-Adresse \nunsere Seite besucht haben. Wenn Sie den Facebook \u201eLike-Button\u201c \nanklicken w\u00e4hrend Sie in Ihrem Facebook-Account eingeloggt sind, k\u00f6nnen \nSie die Inhalte unserer Seiten auf Ihrem Facebook-Profil verlinken. \nDadurch kann Facebook den Besuch unserer Seiten Ihrem Benutzerkonto \nzuordnen. Wir weisen darauf hin, dass wir als Anbieter der Seiten keine \nKenntnis vom Inhalt der \u00fcbermittelten Daten sowie deren Nutzung durch \nFacebook erhalten. Weitere Informationen hierzu finden Sie in der \nDatenschutzerkl\u00e4rung von Facebook unter <a href=\"http:\/\/de-de.facebook.com\/policy.php\">http:\/\/de-de.facebook.com\/policy.php<\/a>.<\/p>\n\n\n\n<p>Wenn Sie nicht w\u00fcnschen, dass Facebook den Besuch unserer Seiten  Ihrem Facebook- Nutzerkonto zuordnen kann, loggen Sie sich bitte aus  Ihrem Facebook-Benutzerkonto aus.<\/p>\n\n\n\n<h2>Datenschutzerkl\u00e4rung f\u00fcr die Nutzung von Twitter<\/h2>\n\n\n\n<p>Auf unseren Seiten sind Funktionen des Dienstes Twitter eingebunden. \nDiese Funktionen werden angeboten durch die Twitter Inc., 1355 Market \nStreet, Suite 900, San Francisco, CA 94103, USA. Durch das Benutzen von \nTwitter und der Funktion \u201eRe-Tweet\u201c werden die von Ihnen besuchten \nWebseiten mit Ihrem Twitter-Account verkn\u00fcpft und anderen Nutzern \nbekannt gegeben. Dabei werden auch Daten an Twitter \u00fcbertragen. Wir \nweisen darauf hin, dass wir als Anbieter der Seiten keine Kenntnis vom \nInhalt der \u00fcbermittelten Daten sowie deren Nutzung durch Twitter \nerhalten. Weitere Informationen hierzu finden Sie in der \nDatenschutzerkl\u00e4rung von Twitter unter <a href=\"http:\/\/twitter.com\/privacy\">http:\/\/twitter.com\/privacy<\/a>.<\/p>\n\n\n\n<p>Ihre Datenschutzeinstellungen bei Twitter k\u00f6nnen Sie in den Konto-Einstellungen unter <a href=\"http:\/\/twitter.com\/account\/settings\">http:\/\/twitter.com\/account\/settings<\/a> \u00e4ndern.<\/p>\n\n\n\n<p><em>Quellverweis: <a href=\"http:\/\/www.e-recht24.de\">eRecht24<\/a><\/em><\/p>\n","protected":false},"excerpt":{"rendered":"<p>V.i.S.d.P. Andreas Vo\u00dfelerB\u00fcndnis 90\/ Die Gr\u00fcnenKreisverband M\u00fcnchenRablstra\u00dfe 2681669 M\u00fcnchen +49 (0) 176 576 276 36 (nur Anrufe, keine SMS) info(at)andreas-vosseler(dot)de Datenschutzerkl\u00e4rung Ich nehme den Schutz Ihrer pers\u00f6nlichen Daten sehr ernst&#8230;. <\/p>\n","protected":false},"author":1,"featured_media":0,"parent":0,"menu_order":0,"comment_status":"closed","ping_status":"closed","template":"","meta":[],"_links":{"self":[{"href":"https:\/\/andreas-vosseler.de\/index.php?rest_route=\/wp\/v2\/pages\/44"}],"collection":[{"href":"https:\/\/andreas-vosseler.de\/index.php?rest_route=\/wp\/v2\/pages"}],"about":[{"href":"https:\/\/andreas-vosseler.de\/index.php?rest_route=\/wp\/v2\/types\/page"}],"author":[{"embeddable":true,"href":"https:\/\/andreas-vosseler.de\/index.php?rest_route=\/wp\/v2\/users\/1"}],"replies":[{"embeddable":true,"href":"https:\/\/andreas-vosseler.de\/index.php?rest_route=%2Fwp%2Fv2%2Fcomments&post=44"}],"version-history":[{"count":8,"href":"https:\/\/andreas-vosseler.de\/index.php?rest_route=\/wp\/v2\/pages\/44\/revisions"}],"predecessor-version":[{"id":262,"href":"https:\/\/andreas-vosseler.de\/index.php?rest_route=\/wp\/v2\/pages\/44\/revisions\/262"}],"wp:attachment":[{"href":"https:\/\/andreas-vosseler.de\/index.php?rest_route=%2Fwp%2Fv2%2Fmedia&parent=44"}],"curies":[{"name":"wp","href":"https:\/\/api.w.org\/{rel}","templated":true}]}}